{"id":1149,"date":"2016-04-18T14:33:07","date_gmt":"2016-04-18T14:33:07","guid":{"rendered":"https:\/\/www.bonisoft.com\/seo-sem\/?page_id=1149"},"modified":"2016-04-18T14:33:07","modified_gmt":"2016-04-18T14:33:07","slug":"marketing-digital","status":"publish","type":"page","link":"https:\/\/www.bonisoft.com\/seo-sem\/es\/marketing-digital\/","title":{"rendered":"Marketing Digital"},"content":{"rendered":"<div class=\"e-content\">\n<p>No hay duda de que el mundo &#8220;digital&#8221; ha transformado la vida cotidiana: se ha revolucionado la manera de ver los anuncios de publicidad y de los mensajes de\u00a0 marketing , c\u00f3mo vamos a comprar y c\u00f3mo nos comunicamos , con las marcas y las marcas con nosotros.<\/p>\n<p>El Marketing Digital engloba desde el dise\u00f1o web y desarrollo, marketing m\u00f3vil, optimizaci\u00f3n en buscadores (SEO), marketing email, redes sociales, etc&#8230;<\/p>\n<h4>Planificaci\u00f3n de campa\u00f1as<\/h4>\n<p>Nuestra agencia de SEO BONISOFT somos expertos. Al manteneros al d\u00eda con las nuevas innovaciones y seguimientos sobre las plataformas actuales, somos capaces de ofrecer lo \u00faltimo en t\u00e9cnicas de marketing digital y poder colocar as\u00ed a su negocio por delante de su competencia .<\/p>\n<h4>Contenido de Marketing<\/h4>\n<p>Nuestro equipo de Agencia SEO y Consultor\u00eda puede planificar una estrategia de marketing de contenidos completa para usted y , si lo desea, incluso administrarlo una vez al mes.<br \/>\nEl equipo cuidar\u00e1 de todas sus necesidades de marketing digital, Creamos\u00a0 y gestionamos vuestras campa\u00f1as, elaboraci\u00f3n y presentaci\u00f3n de informes; o simplemente podemos configurar las campa\u00f1as para que puedan ser administradas por su propio equipo de marketing.<\/p>\n<p>Cont\u00e1ctanos hoy para conocer m\u00e1s acerca de BONISOFT soluciones inform\u00e1ticas y dejanos ayudarte a crear campa\u00f1as digitales que logren hacer triunfar a tu negocio.<\/p>\n<\/div>\n","protected":false},"excerpt":{"rendered":"<p>No hay duda de que el mundo &#8220;digital&#8221; ha transformado la vida cotidiana: se ha revolucionado la manera de ver los anuncios de publicidad y de los mensajes de\u00a0 marketing , c\u00f3mo vamos a comprar y c\u00f3mo nos comunicamos , &#8230;..<\/p>\n","protected":false},"author":6,"featured_media":0,"parent":0,"menu_order":0,"comment_status":"closed","ping_status":"closed","template":"","meta":{"_acf_changed":false,"_monsterinsights_skip_tracking":false,"_monsterinsights_sitenote_active":false,"_monsterinsights_sitenote_note":"","_monsterinsights_sitenote_category":0,"footnotes":""},"acf":[],"yoast_head":"<!-- This site is optimized with the Yoast SEO plugin v22.0 - https:\/\/yoast.com\/wordpress\/plugins\/seo\/ -->\n<title>Marketing Digital - agencia seo BONISOFT- Expertos en posicionamiento web seo y sem<\/title>\n<meta name=\"robots\" content=\"index, follow, max-snippet:-1, max-image-preview:large, max-video-preview:-1\" \/>\n<link rel=\"canonical\" href=\"https:\/\/www.bonisoft.com\/seo-sem\/es\/marketing-digital\/\" \/>\n<meta property=\"og:locale\" content=\"es_ES\" \/>\n<meta property=\"og:type\" content=\"article\" \/>\n<meta property=\"og:title\" content=\"Marketing Digital - agencia seo BONISOFT- Expertos en posicionamiento web seo y sem\" \/>\n<meta property=\"og:description\" content=\"No hay duda de que el mundo &#8220;digital&#8221; ha transformado la vida cotidiana: se ha revolucionado la manera de ver los anuncios de publicidad y de los mensajes de\u00a0 marketing , c\u00f3mo vamos a comprar y c\u00f3mo nos comunicamos , .....\" \/>\n<meta property=\"og:url\" content=\"https:\/\/www.bonisoft.com\/seo-sem\/es\/marketing-digital\/\" \/>\n<meta property=\"og:site_name\" content=\"agencia seo BONISOFT- Expertos en posicionamiento web seo y sem\" \/>\n<meta name=\"twitter:label1\" content=\"Tiempo de lectura\" \/>\n\t<meta name=\"twitter:data1\" content=\"1 minuto\" \/>\n<script type=\"application\/ld+json\" class=\"yoast-schema-graph\">{\"@context\":\"https:\/\/schema.org\",\"@graph\":[{\"@type\":\"WebPage\",\"@id\":\"https:\/\/www.bonisoft.com\/seo-sem\/es\/marketing-digital\/\",\"url\":\"https:\/\/www.bonisoft.com\/seo-sem\/es\/marketing-digital\/\",\"name\":\"Marketing Digital - agencia seo BONISOFT- Expertos en posicionamiento web seo y sem\",\"isPartOf\":{\"@id\":\"https:\/\/www.bonisoft.com\/seo-sem\/#website\"},\"datePublished\":\"2016-04-18T14:33:07+00:00\",\"dateModified\":\"2016-04-18T14:33:07+00:00\",\"breadcrumb\":{\"@id\":\"https:\/\/www.bonisoft.com\/seo-sem\/es\/marketing-digital\/#breadcrumb\"},\"inLanguage\":\"es\",\"potentialAction\":[{\"@type\":\"ReadAction\",\"target\":[\"https:\/\/www.bonisoft.com\/seo-sem\/es\/marketing-digital\/\"]}]},{\"@type\":\"BreadcrumbList\",\"@id\":\"https:\/\/www.bonisoft.com\/seo-sem\/es\/marketing-digital\/#breadcrumb\",\"itemListElement\":[{\"@type\":\"ListItem\",\"position\":1,\"name\":\"Portada\",\"item\":\"https:\/\/www.bonisoft.com\/seo-sem\/es\/\"},{\"@type\":\"ListItem\",\"position\":2,\"name\":\"Marketing Digital\"}]},{\"@type\":\"WebSite\",\"@id\":\"https:\/\/www.bonisoft.com\/seo-sem\/#website\",\"url\":\"https:\/\/www.bonisoft.com\/seo-sem\/\",\"name\":\"agencia seo BONISOFT- Expertos en posicionamiento web seo y sem\",\"description\":\"\",\"potentialAction\":[{\"@type\":\"SearchAction\",\"target\":{\"@type\":\"EntryPoint\",\"urlTemplate\":\"https:\/\/www.bonisoft.com\/seo-sem\/?s={search_term_string}\"},\"query-input\":\"required name=search_term_string\"}],\"inLanguage\":\"es\"}]}<\/script>\n<!-- \/ Yoast SEO plugin. -->","yoast_head_json":{"title":"Marketing Digital - agencia seo BONISOFT- Expertos en posicionamiento web seo y sem","robots":{"index":"index","follow":"follow","max-snippet":"max-snippet:-1","max-image-preview":"max-image-preview:large","max-video-preview":"max-video-preview:-1"},"canonical":"https:\/\/www.bonisoft.com\/seo-sem\/es\/marketing-digital\/","og_locale":"es_ES","og_type":"article","og_title":"Marketing Digital - agencia seo BONISOFT- Expertos en posicionamiento web seo y sem","og_description":"No hay duda de que el mundo &#8220;digital&#8221; ha transformado la vida cotidiana: se ha revolucionado la manera de ver los anuncios de publicidad y de los mensajes de\u00a0 marketing , c\u00f3mo vamos a comprar y c\u00f3mo nos comunicamos , .....","og_url":"https:\/\/www.bonisoft.com\/seo-sem\/es\/marketing-digital\/","og_site_name":"agencia seo BONISOFT- Expertos en posicionamiento web seo y sem","twitter_misc":{"Tiempo de lectura":"1 minuto"},"schema":{"@context":"https:\/\/schema.org","@graph":[{"@type":"WebPage","@id":"https:\/\/www.bonisoft.com\/seo-sem\/es\/marketing-digital\/","url":"https:\/\/www.bonisoft.com\/seo-sem\/es\/marketing-digital\/","name":"Marketing Digital - agencia seo BONISOFT- Expertos en posicionamiento web seo y sem","isPartOf":{"@id":"https:\/\/www.bonisoft.com\/seo-sem\/#website"},"datePublished":"2016-04-18T14:33:07+00:00","dateModified":"2016-04-18T14:33:07+00:00","breadcrumb":{"@id":"https:\/\/www.bonisoft.com\/seo-sem\/es\/marketing-digital\/#breadcrumb"},"inLanguage":"es","potentialAction":[{"@type":"ReadAction","target":["https:\/\/www.bonisoft.com\/seo-sem\/es\/marketing-digital\/"]}]},{"@type":"BreadcrumbList","@id":"https:\/\/www.bonisoft.com\/seo-sem\/es\/marketing-digital\/#breadcrumb","itemListElement":[{"@type":"ListItem","position":1,"name":"Portada","item":"https:\/\/www.bonisoft.com\/seo-sem\/es\/"},{"@type":"ListItem","position":2,"name":"Marketing Digital"}]},{"@type":"WebSite","@id":"https:\/\/www.bonisoft.com\/seo-sem\/#website","url":"https:\/\/www.bonisoft.com\/seo-sem\/","name":"agencia seo BONISOFT- Expertos en posicionamiento web seo y sem","description":"","potentialAction":[{"@type":"SearchAction","target":{"@type":"EntryPoint","urlTemplate":"https:\/\/www.bonisoft.com\/seo-sem\/?s={search_term_string}"},"query-input":"required name=search_term_string"}],"inLanguage":"es"}]}},"_links":{"self":[{"href":"https:\/\/www.bonisoft.com\/seo-sem\/wp-json\/wp\/v2\/pages\/1149"}],"collection":[{"href":"https:\/\/www.bonisoft.com\/seo-sem\/wp-json\/wp\/v2\/pages"}],"about":[{"href":"https:\/\/www.bonisoft.com\/seo-sem\/wp-json\/wp\/v2\/types\/page"}],"author":[{"embeddable":true,"href":"https:\/\/www.bonisoft.com\/seo-sem\/wp-json\/wp\/v2\/users\/6"}],"replies":[{"embeddable":true,"href":"https:\/\/www.bonisoft.com\/seo-sem\/wp-json\/wp\/v2\/comments?post=1149"}],"version-history":[{"count":1,"href":"https:\/\/www.bonisoft.com\/seo-sem\/wp-json\/wp\/v2\/pages\/1149\/revisions"}],"predecessor-version":[{"id":1150,"href":"https:\/\/www.bonisoft.com\/seo-sem\/wp-json\/wp\/v2\/pages\/1149\/revisions\/1150"}],"wp:attachment":[{"href":"https:\/\/www.bonisoft.com\/seo-sem\/wp-json\/wp\/v2\/media?parent=1149"}],"curies":[{"name":"wp","href":"https:\/\/api.w.org\/{rel}","templated":true}]}}